{"id":169,"date":"2021-08-04T11:53:28","date_gmt":"2021-08-04T09:53:28","guid":{"rendered":"https:\/\/www.espaciosiete.com\/?page_id=169"},"modified":"2021-09-23T13:04:12","modified_gmt":"2021-09-23T11:04:12","slug":"home","status":"publish","type":"page","link":"https:\/\/www.espaciosiete.com\/pt-pt\/","title":{"rendered":"Home"},"content":{"rendered":"<div class=\"slider_home\" id=\"slider_home\">\n\n            <div class=\"slider_wrapper\">\n                            <div class=\"slider_item\">\n                    <img loading=\"lazy\" decoding=\"async\" width=\"2560\" height=\"1220\" src=\"https:\/\/www.espaciosiete.com\/wp-content\/uploads\/2021\/08\/slide-01-scaled.jpg\" class=\"attachment-full size-full\" alt=\"\" srcset=\"https:\/\/www.espaciosiete.com\/wp-content\/uploads\/2021\/08\/slide-01-scaled.jpg 2560w, https:\/\/www.espaciosiete.com\/wp-content\/uploads\/2021\/08\/slide-01-300x143.jpg 300w, https:\/\/www.espaciosiete.com\/wp-content\/uploads\/2021\/08\/slide-01-1024x488.jpg 1024w, https:\/\/www.espaciosiete.com\/wp-content\/uploads\/2021\/08\/slide-01-768x366.jpg 768w, https:\/\/www.espaciosiete.com\/wp-content\/uploads\/2021\/08\/slide-01-1536x732.jpg 1536w, https:\/\/www.espaciosiete.com\/wp-content\/uploads\/2021\/08\/slide-01-2048x976.jpg 2048w\" sizes=\"auto, (max-width: 2560px) 100vw, 2560px\" \/>                    <div class=\"caption_container\">\n                        <p>Transformamos grandes ideias em grandes constru\u00e7\u00f5es<\/p>\n                        <a href=\"https:\/\/www.espaciosiete.com\/pt-pt\/servicos\/\" class=\"slider_link\">Conhecenos<\/a>\n                    <\/div>\n                <\/div>\n                    <\/div>\n    \n\n<\/div>\n\n\n<div class=\"wp-block-hacce-wrapper py-100 separador-horizontal\"><div class=\"container\">\n<h2 class=\"has-text-align-center wp-block-heading\">Pioneiros em t\u00e9cnicas de constru\u00e7\u00e3o inovadoras e desafiadores em desenhos de vanguarda<\/h2>\n\n\n\n<p class=\"has-text-align-center t-20 mt-4\">Temos mais de 50 anos de trabalho em equipa com clientes para transformar grandes ideias em grandes constru\u00e7\u00f5es.<\/p>\n\n\n\n<div class=\"wp-block-buttons is-content-justification-center is-layout-flex wp-block-buttons-is-layout-flex\">\n<div class=\"wp-block-button botton-azul\"><a class=\"wp-block-button__link\" href=\"https:\/\/www.espaciosiete.com\/servicos\/?lang=pt-pt\">Os nossos servi\u00e7os<\/a><\/div>\n<\/div>\n<\/div><\/div>\n\n\n\n<div class=\"wp-block-hacce-wrapper\"><div class=\"container\"><div class=\"servicios-wrapper\">\n\n    \n        \n                            <div class=\"row\">\n                    <!-- Posici\u00f3n impar -->\n                    <div class=\"col-12 col-xl-6\">\n                        <div class=\"imagen-impar-izda\">\n                            <img loading=\"lazy\" decoding=\"async\" width=\"640\" height=\"410\" src=\"https:\/\/www.espaciosiete.com\/wp-content\/uploads\/2021\/08\/residencial1.png\" class=\"attachment-large size-large\" alt=\"\" srcset=\"https:\/\/www.espaciosiete.com\/wp-content\/uploads\/2021\/08\/residencial1.png 950w, https:\/\/www.espaciosiete.com\/wp-content\/uploads\/2021\/08\/residencial1-300x192.png 300w, https:\/\/www.espaciosiete.com\/wp-content\/uploads\/2021\/08\/residencial1-768x492.png 768w\" sizes=\"auto, (max-width: 640px) 100vw, 640px\" \/>                        <\/div>\n                        <div class=\"info-servicio inpar d-none d-xl-block\">\n                            <span class=\"titulo-servicio\">Residencial<\/span>\n                            <span class=\"texto-servicio\"><p><span style=\"font-weight: 400;\">Pr\u00e9dios residenciais, reabilita\u00e7\u00e3o de moradias, moradias unifamiliares e reformas integrais de apartamentos.<\/span><\/p>\n<\/span>\n                            <a href=\"https:\/\/www.espaciosiete.com\/nuestros-proyectos\/#tab-residencial\" class=\"enlace-servicio\">\nVeja os projetos<\/a>\n                        <\/div>\n                    <\/div>\n                    <div class=\"col-6 col-xl-3 pr-1 pr-xl-3\">\n                        <div class=\"row\">\n                            <div class=\"col-12\">\n                                <div class=\"imagen-impar-central\">\n                                    <img loading=\"lazy\" decoding=\"async\" width=\"608\" height=\"952\" src=\"https:\/\/www.espaciosiete.com\/wp-content\/uploads\/2021\/08\/residencial2.png\" class=\"attachment-large size-large\" alt=\"\" srcset=\"https:\/\/www.espaciosiete.com\/wp-content\/uploads\/2021\/08\/residencial2.png 608w, https:\/\/www.espaciosiete.com\/wp-content\/uploads\/2021\/08\/residencial2-192x300.png 192w\" sizes=\"auto, (max-width: 608px) 100vw, 608px\" \/>                                <\/div>\n                            <\/div>\n                            <div class=\"col-12\">\n                                <div class=\"imagen-impar-central\">\n                                    <img loading=\"lazy\" decoding=\"async\" width=\"620\" height=\"394\" src=\"https:\/\/www.espaciosiete.com\/wp-content\/uploads\/2021\/08\/residencial3.png\" class=\"attachment-large size-large\" alt=\"\" srcset=\"https:\/\/www.espaciosiete.com\/wp-content\/uploads\/2021\/08\/residencial3.png 620w, https:\/\/www.espaciosiete.com\/wp-content\/uploads\/2021\/08\/residencial3-300x191.png 300w\" sizes=\"auto, (max-width: 620px) 100vw, 620px\" \/>                                <\/div>\n                            <\/div>\n                        <\/div>\n                    <\/div>\n                    <div class=\"col-6 col-xl-3 pl-1 pl-xl-3\">\n                        <div class=\"imagen-impar-dcha\">\n                            <img loading=\"lazy\" decoding=\"async\" width=\"620\" height=\"396\" src=\"https:\/\/www.espaciosiete.com\/wp-content\/uploads\/2021\/08\/residencial4.png\" class=\"attachment-large size-large\" alt=\"\" srcset=\"https:\/\/www.espaciosiete.com\/wp-content\/uploads\/2021\/08\/residencial4.png 620w, https:\/\/www.espaciosiete.com\/wp-content\/uploads\/2021\/08\/residencial4-300x192.png 300w\" sizes=\"auto, (max-width: 620px) 100vw, 620px\" \/>                        <\/div>\n                    <\/div>\n\n                    <div class=\"col-12 info-servicio d-block d-xl-none\">\n                        <span class=\"titulo-servicio\">Residencial<\/span>\n                        <span class=\"texto-servicio\"><p><span style=\"font-weight: 400;\">Pr\u00e9dios residenciais, reabilita\u00e7\u00e3o de moradias, moradias unifamiliares e reformas integrais de apartamentos.<\/span><\/p>\n<\/span>\n                        <a href=\"https:\/\/www.espaciosiete.com\/nuestros-proyectos\/#tab-residencial\" class=\"enlace-servicio\">\nVeja os projetos<\/a>\n                    <\/div>\n\n                                    <\/div>\n            \n\n        \n                            <!-- Solo visible en escritorio -->\n                <div class=\"d-none d-xl-block\">\n                    <div class=\"row separador\">\n                        <!-- Posici\u00f3n par -->\n                        <div class=\"col-lg-3\">\n                            <div class=\"imagen-par-izda\">\n                                <img loading=\"lazy\" decoding=\"async\" width=\"575\" height=\"1024\" src=\"https:\/\/www.espaciosiete.com\/wp-content\/uploads\/2021\/09\/cosmos-1.jpg\" class=\"attachment-large size-large\" alt=\"\" srcset=\"https:\/\/www.espaciosiete.com\/wp-content\/uploads\/2021\/09\/cosmos-1.jpg 575w, https:\/\/www.espaciosiete.com\/wp-content\/uploads\/2021\/09\/cosmos-1-168x300.jpg 168w\" sizes=\"auto, (max-width: 575px) 100vw, 575px\" \/>                            <\/div>\n                        <\/div>\n                        <div class=\"col-lg-9\">\n                            <div class=\"row\">\n                                <div class=\"col-lg-3\">\n                                    <div class=\"imagen-par-central-sup\">\n                                        <img loading=\"lazy\" decoding=\"async\" width=\"386\" height=\"606\" src=\"https:\/\/www.espaciosiete.com\/wp-content\/uploads\/2021\/08\/industrial3.png\" class=\"attachment-large size-large\" alt=\"\" srcset=\"https:\/\/www.espaciosiete.com\/wp-content\/uploads\/2021\/08\/industrial3.png 386w, https:\/\/www.espaciosiete.com\/wp-content\/uploads\/2021\/08\/industrial3-191x300.png 191w\" sizes=\"auto, (max-width: 386px) 100vw, 386px\" \/>                                    <\/div>\n                                <\/div>\n                                <div class=\"col-lg-7\">\n                                    <div class=\"imagen-par-dcha\">\n                                        <img loading=\"lazy\" decoding=\"async\" width=\"640\" height=\"409\" src=\"https:\/\/www.espaciosiete.com\/wp-content\/uploads\/2021\/08\/industrial4.png\" class=\"attachment-large size-large\" alt=\"\" srcset=\"https:\/\/www.espaciosiete.com\/wp-content\/uploads\/2021\/08\/industrial4.png 948w, https:\/\/www.espaciosiete.com\/wp-content\/uploads\/2021\/08\/industrial4-300x192.png 300w, https:\/\/www.espaciosiete.com\/wp-content\/uploads\/2021\/08\/industrial4-768x491.png 768w\" sizes=\"auto, (max-width: 640px) 100vw, 640px\" \/>                                    <\/div>\n                                <\/div>\n                                <div class=\"col-lg-6\">\n                                    <div class=\"imagen-par-central-inf\">\n                                        <img loading=\"lazy\" decoding=\"async\" width=\"640\" height=\"360\" src=\"https:\/\/www.espaciosiete.com\/wp-content\/uploads\/2021\/09\/oficina.jpg\" class=\"attachment-large size-large\" alt=\"\" srcset=\"https:\/\/www.espaciosiete.com\/wp-content\/uploads\/2021\/09\/oficina.jpg 900w, https:\/\/www.espaciosiete.com\/wp-content\/uploads\/2021\/09\/oficina-300x169.jpg 300w, https:\/\/www.espaciosiete.com\/wp-content\/uploads\/2021\/09\/oficina-768x432.jpg 768w\" sizes=\"auto, (max-width: 640px) 100vw, 640px\" \/>                                    <\/div>\n                                <\/div>\n                                <div class=\"col-lg-4 offset-lg-2\">\n                                    <div class=\"info-servicio par\">\n                                        <span class=\"titulo-servicio\">Industrial<\/span>\n                                        <span class=\"texto-servicio\"><p><span style=\"font-weight: 400;\">Esta\u00e7\u00f5es de servi\u00e7o, pr\u00e9dios industriais, obras e renova\u00e7\u00f5es industriais e adapta\u00e7\u00f5es.<\/span><\/p>\n<\/span>\n                                        <a href=\"https:\/\/www.espaciosiete.com\/nuestros-proyectos\/#tab-industrial\" class=\"enlace-servicio\">\nVeja os projetos<\/a>\n                                    <\/div>\n                                <\/div>\n                            <\/div>\n                        <\/div>\n                    <\/div>\n                <\/div>\n                <!-- Mobile layout -->\n                <div class=\"d-block d-xl-none separador\">\n                <div class=\"row\">\n                    <div class=\"col-12\">\n                        <div class=\"imagen-impar-izda\">\n                            <img loading=\"lazy\" decoding=\"async\" width=\"575\" height=\"1024\" src=\"https:\/\/www.espaciosiete.com\/wp-content\/uploads\/2021\/09\/cosmos-1.jpg\" class=\"attachment-large size-large\" alt=\"\" srcset=\"https:\/\/www.espaciosiete.com\/wp-content\/uploads\/2021\/09\/cosmos-1.jpg 575w, https:\/\/www.espaciosiete.com\/wp-content\/uploads\/2021\/09\/cosmos-1-168x300.jpg 168w\" sizes=\"auto, (max-width: 575px) 100vw, 575px\" \/>                        <\/div>\n                    <\/div>\n                    <div class=\"col-6 pr-1\">\n                        <div class=\"row\">\n                            <div class=\"col-12\">\n                                <div class=\"imagen-impar-central\">\n                                    <img loading=\"lazy\" decoding=\"async\" width=\"386\" height=\"606\" src=\"https:\/\/www.espaciosiete.com\/wp-content\/uploads\/2021\/08\/industrial3.png\" class=\"attachment-large size-large\" alt=\"\" srcset=\"https:\/\/www.espaciosiete.com\/wp-content\/uploads\/2021\/08\/industrial3.png 386w, https:\/\/www.espaciosiete.com\/wp-content\/uploads\/2021\/08\/industrial3-191x300.png 191w\" sizes=\"auto, (max-width: 386px) 100vw, 386px\" \/>                                <\/div>\n                            <\/div>\n                            <div class=\"col-12\">\n                                <div class=\"imagen-impar-central\">\n                                    <img loading=\"lazy\" decoding=\"async\" width=\"640\" height=\"409\" src=\"https:\/\/www.espaciosiete.com\/wp-content\/uploads\/2021\/08\/industrial4.png\" class=\"attachment-large size-large\" alt=\"\" srcset=\"https:\/\/www.espaciosiete.com\/wp-content\/uploads\/2021\/08\/industrial4.png 948w, https:\/\/www.espaciosiete.com\/wp-content\/uploads\/2021\/08\/industrial4-300x192.png 300w, https:\/\/www.espaciosiete.com\/wp-content\/uploads\/2021\/08\/industrial4-768x491.png 768w\" sizes=\"auto, (max-width: 640px) 100vw, 640px\" \/>                                <\/div>\n                            <\/div>\n                        <\/div>\n                    <\/div>\n                    <div class=\"col-6 pl-1\">\n                        <div class=\"imagen-impar-dcha\">\n                            <img loading=\"lazy\" decoding=\"async\" width=\"640\" height=\"360\" src=\"https:\/\/www.espaciosiete.com\/wp-content\/uploads\/2021\/09\/oficina.jpg\" class=\"attachment-large size-large\" alt=\"\" srcset=\"https:\/\/www.espaciosiete.com\/wp-content\/uploads\/2021\/09\/oficina.jpg 900w, https:\/\/www.espaciosiete.com\/wp-content\/uploads\/2021\/09\/oficina-300x169.jpg 300w, https:\/\/www.espaciosiete.com\/wp-content\/uploads\/2021\/09\/oficina-768x432.jpg 768w\" sizes=\"auto, (max-width: 640px) 100vw, 640px\" \/>                        <\/div>\n                    <\/div>\n\n                    <div class=\"col-12 info-servicio\">\n                        <span class=\"titulo-servicio\">Industrial<\/span>\n                        <span class=\"texto-servicio\"><p><span style=\"font-weight: 400;\">Esta\u00e7\u00f5es de servi\u00e7o, pr\u00e9dios industriais, obras e renova\u00e7\u00f5es industriais e adapta\u00e7\u00f5es.<\/span><\/p>\n<\/span>\n                        <a href=\"https:\/\/www.espaciosiete.com\/nuestros-proyectos\/#tab-industrial\" class=\"enlace-servicio\">\nVeja os projetos<\/a>\n                    <\/div>\n                <\/div>\n                <\/div>\n                \n            \n\n        \n                            <div class=\"row\">\n                    <!-- Posici\u00f3n impar -->\n                    <div class=\"col-12 col-xl-6\">\n                        <div class=\"imagen-impar-izda\">\n                            <img loading=\"lazy\" decoding=\"async\" width=\"620\" height=\"396\" src=\"https:\/\/www.espaciosiete.com\/wp-content\/uploads\/2021\/08\/retail1.png\" class=\"attachment-large size-large\" alt=\"\" srcset=\"https:\/\/www.espaciosiete.com\/wp-content\/uploads\/2021\/08\/retail1.png 620w, https:\/\/www.espaciosiete.com\/wp-content\/uploads\/2021\/08\/retail1-300x192.png 300w\" sizes=\"auto, (max-width: 620px) 100vw, 620px\" \/>                        <\/div>\n                        <div class=\"info-servicio inpar d-none d-xl-block\">\n                            <span class=\"titulo-servicio\"> Com\u00e9rcio<\/span>\n                            <span class=\"texto-servicio\"><p><span style=\"font-weight: 400;\">Organiza\u00e7\u00e3o de espa\u00e7os e renova\u00e7\u00f5es em centros comerciais.<\/span><\/p>\n<\/span>\n                            <a href=\"https:\/\/www.espaciosiete.com\/nuestros-proyectos\/#tab-comercio\" class=\"enlace-servicio\">\nVeja os projetos<\/a>\n                        <\/div>\n                    <\/div>\n                    <div class=\"col-6 col-xl-3 pr-1 pr-xl-3\">\n                        <div class=\"row\">\n                            <div class=\"col-12\">\n                                <div class=\"imagen-impar-central\">\n                                    <img loading=\"lazy\" decoding=\"async\" width=\"620\" height=\"394\" src=\"https:\/\/www.espaciosiete.com\/wp-content\/uploads\/2021\/08\/retail2.png\" class=\"attachment-large size-large\" alt=\"\" srcset=\"https:\/\/www.espaciosiete.com\/wp-content\/uploads\/2021\/08\/retail2.png 620w, https:\/\/www.espaciosiete.com\/wp-content\/uploads\/2021\/08\/retail2-300x191.png 300w\" sizes=\"auto, (max-width: 620px) 100vw, 620px\" \/>                                <\/div>\n                            <\/div>\n                            <div class=\"col-12\">\n                                <div class=\"imagen-impar-central\">\n                                    <img loading=\"lazy\" decoding=\"async\" width=\"608\" height=\"952\" src=\"https:\/\/www.espaciosiete.com\/wp-content\/uploads\/2021\/08\/retail3.png\" class=\"attachment-large size-large\" alt=\"\" srcset=\"https:\/\/www.espaciosiete.com\/wp-content\/uploads\/2021\/08\/retail3.png 608w, https:\/\/www.espaciosiete.com\/wp-content\/uploads\/2021\/08\/retail3-192x300.png 192w\" sizes=\"auto, (max-width: 608px) 100vw, 608px\" \/>                                <\/div>\n                            <\/div>\n                        <\/div>\n                    <\/div>\n                    <div class=\"col-6 col-xl-3 pl-1 pl-xl-3\">\n                        <div class=\"imagen-impar-dcha\">\n                            <img loading=\"lazy\" decoding=\"async\" width=\"640\" height=\"410\" src=\"https:\/\/www.espaciosiete.com\/wp-content\/uploads\/2021\/08\/retail4.png\" class=\"attachment-large size-large\" alt=\"\" srcset=\"https:\/\/www.espaciosiete.com\/wp-content\/uploads\/2021\/08\/retail4.png 950w, https:\/\/www.espaciosiete.com\/wp-content\/uploads\/2021\/08\/retail4-300x192.png 300w, https:\/\/www.espaciosiete.com\/wp-content\/uploads\/2021\/08\/retail4-768x492.png 768w\" sizes=\"auto, (max-width: 640px) 100vw, 640px\" \/>                        <\/div>\n                    <\/div>\n\n                    <div class=\"col-12 info-servicio d-block d-xl-none\">\n                        <span class=\"titulo-servicio\"> Com\u00e9rcio<\/span>\n                        <span class=\"texto-servicio\"><p><span style=\"font-weight: 400;\">Organiza\u00e7\u00e3o de espa\u00e7os e renova\u00e7\u00f5es em centros comerciais.<\/span><\/p>\n<\/span>\n                        <a href=\"https:\/\/www.espaciosiete.com\/nuestros-proyectos\/#tab-comercio\" class=\"enlace-servicio\">\nVeja os projetos<\/a>\n                    <\/div>\n\n                                    <\/div>\n            \n\n        \n    \n\n<\/div><\/div><\/div>\n\n\n\n<p><\/p>\n","protected":false},"excerpt":{"rendered":"","protected":false},"author":2,"featured_media":0,"parent":0,"menu_order":0,"comment_status":"closed","ping_status":"closed","template":"","meta":{"footnotes":""},"class_list":["post-169","page","type-page","status-publish","hentry"],"acf":[],"yoast_head":"<!-- This site is optimized with the Yoast SEO plugin v19.1 - https:\/\/yoast.com\/wordpress\/plugins\/seo\/ -->\n<title>Espacio Siete - Constru\u00e7\u00e3o e renova\u00e7\u00e3o integral<\/title>\n<meta name=\"description\" content=\"Transformamos grandes ideias em grandes constru\u00e7\u00f5es. Pioneiros em t\u00e9cnicas de constru\u00e7\u00e3o inovadoras e desafiadores em desenhos de vanguarda.\" \/>\n<meta name=\"robots\" content=\"index, follow, max-snippet:-1, max-image-preview:large, max-video-preview:-1\" \/>\n<link rel=\"canonical\" href=\"https:\/\/www.espaciosiete.com\/pt-pt\/\" \/>\n<meta property=\"og:locale\" content=\"pt_PT\" \/>\n<meta property=\"og:type\" content=\"article\" \/>\n<meta property=\"og:title\" content=\"Espacio Siete - Constru\u00e7\u00e3o e renova\u00e7\u00e3o integral\" \/>\n<meta property=\"og:description\" content=\"Transformamos grandes ideias em grandes constru\u00e7\u00f5es. Pioneiros em t\u00e9cnicas de constru\u00e7\u00e3o inovadoras e desafiadores em desenhos de vanguarda.\" \/>\n<meta property=\"og:url\" content=\"https:\/\/www.espaciosiete.com\/pt-pt\/\" \/>\n<meta property=\"og:site_name\" content=\"espacio7\" \/>\n<meta property=\"article:modified_time\" content=\"2021-09-23T11:04:12+00:00\" \/>\n<meta name=\"twitter:card\" content=\"summary_large_image\" \/>\n<meta name=\"twitter:label1\" content=\"Tempo estimado de leitura\" \/>\n\t<meta name=\"twitter:data1\" content=\"1 minuto\" \/>\n<script type=\"application\/ld+json\" class=\"yoast-schema-graph\">{\"@context\":\"https:\/\/schema.org\",\"@graph\":[{\"@type\":\"Organization\",\"@id\":\"https:\/\/www.espaciosiete.com\/#organization\",\"name\":\"Espacio 7\",\"url\":\"https:\/\/www.espaciosiete.com\/\",\"sameAs\":[\"https:\/\/www.linkedin.com\/company\/espaciosiete\"],\"logo\":{\"@type\":\"ImageObject\",\"inLanguage\":\"pt-PT\",\"@id\":\"https:\/\/www.espaciosiete.com\/#\/schema\/logo\/image\/\",\"url\":\"https:\/\/www.espaciosiete.com\/wp-content\/uploads\/2021\/08\/logo.png\",\"contentUrl\":\"https:\/\/www.espaciosiete.com\/wp-content\/uploads\/2021\/08\/logo.png\",\"width\":213,\"height\":44,\"caption\":\"Espacio 7\"},\"image\":{\"@id\":\"https:\/\/www.espaciosiete.com\/#\/schema\/logo\/image\/\"}},{\"@type\":\"WebSite\",\"@id\":\"https:\/\/www.espaciosiete.com\/#website\",\"url\":\"https:\/\/www.espaciosiete.com\/\",\"name\":\"espacio7\",\"description\":\"\",\"publisher\":{\"@id\":\"https:\/\/www.espaciosiete.com\/#organization\"},\"potentialAction\":[{\"@type\":\"SearchAction\",\"target\":{\"@type\":\"EntryPoint\",\"urlTemplate\":\"https:\/\/www.espaciosiete.com\/?s={search_term_string}\"},\"query-input\":\"required name=search_term_string\"}],\"inLanguage\":\"pt-PT\"},{\"@type\":\"WebPage\",\"@id\":\"https:\/\/www.espaciosiete.com\/pt-pt\/#webpage\",\"url\":\"https:\/\/www.espaciosiete.com\/pt-pt\/\",\"name\":\"Espacio Siete - Constru\u00e7\u00e3o e renova\u00e7\u00e3o integral\",\"isPartOf\":{\"@id\":\"https:\/\/www.espaciosiete.com\/#website\"},\"datePublished\":\"2021-08-04T09:53:28+00:00\",\"dateModified\":\"2021-09-23T11:04:12+00:00\",\"description\":\"Transformamos grandes ideias em grandes constru\u00e7\u00f5es. Pioneiros em t\u00e9cnicas de constru\u00e7\u00e3o inovadoras e desafiadores em desenhos de vanguarda.\",\"breadcrumb\":{\"@id\":\"https:\/\/www.espaciosiete.com\/pt-pt\/#breadcrumb\"},\"inLanguage\":\"pt-PT\",\"potentialAction\":[{\"@type\":\"ReadAction\",\"target\":[\"https:\/\/www.espaciosiete.com\/pt-pt\/\"]}]},{\"@type\":\"BreadcrumbList\",\"@id\":\"https:\/\/www.espaciosiete.com\/pt-pt\/#breadcrumb\",\"itemListElement\":[{\"@type\":\"ListItem\",\"position\":1,\"name\":\"Portada\",\"item\":\"https:\/\/www.espaciosiete.com\/pt-pt\/\"},{\"@type\":\"ListItem\",\"position\":2,\"name\":\"Home\"}]}]}<\/script>\n<!-- \/ Yoast SEO plugin. -->","yoast_head_json":{"title":"Espacio Siete - Constru\u00e7\u00e3o e renova\u00e7\u00e3o integral","description":"Transformamos grandes ideias em grandes constru\u00e7\u00f5es. Pioneiros em t\u00e9cnicas de constru\u00e7\u00e3o inovadoras e desafiadores em desenhos de vanguarda.","robots":{"index":"index","follow":"follow","max-snippet":"max-snippet:-1","max-image-preview":"max-image-preview:large","max-video-preview":"max-video-preview:-1"},"canonical":"https:\/\/www.espaciosiete.com\/pt-pt\/","og_locale":"pt_PT","og_type":"article","og_title":"Espacio Siete - Constru\u00e7\u00e3o e renova\u00e7\u00e3o integral","og_description":"Transformamos grandes ideias em grandes constru\u00e7\u00f5es. Pioneiros em t\u00e9cnicas de constru\u00e7\u00e3o inovadoras e desafiadores em desenhos de vanguarda.","og_url":"https:\/\/www.espaciosiete.com\/pt-pt\/","og_site_name":"espacio7","article_modified_time":"2021-09-23T11:04:12+00:00","twitter_card":"summary_large_image","twitter_misc":{"Tempo estimado de leitura":"1 minuto"},"schema":{"@context":"https:\/\/schema.org","@graph":[{"@type":"Organization","@id":"https:\/\/www.espaciosiete.com\/#organization","name":"Espacio 7","url":"https:\/\/www.espaciosiete.com\/","sameAs":["https:\/\/www.linkedin.com\/company\/espaciosiete"],"logo":{"@type":"ImageObject","inLanguage":"pt-PT","@id":"https:\/\/www.espaciosiete.com\/#\/schema\/logo\/image\/","url":"https:\/\/www.espaciosiete.com\/wp-content\/uploads\/2021\/08\/logo.png","contentUrl":"https:\/\/www.espaciosiete.com\/wp-content\/uploads\/2021\/08\/logo.png","width":213,"height":44,"caption":"Espacio 7"},"image":{"@id":"https:\/\/www.espaciosiete.com\/#\/schema\/logo\/image\/"}},{"@type":"WebSite","@id":"https:\/\/www.espaciosiete.com\/#website","url":"https:\/\/www.espaciosiete.com\/","name":"espacio7","description":"","publisher":{"@id":"https:\/\/www.espaciosiete.com\/#organization"},"potentialAction":[{"@type":"SearchAction","target":{"@type":"EntryPoint","urlTemplate":"https:\/\/www.espaciosiete.com\/?s={search_term_string}"},"query-input":"required name=search_term_string"}],"inLanguage":"pt-PT"},{"@type":"WebPage","@id":"https:\/\/www.espaciosiete.com\/pt-pt\/#webpage","url":"https:\/\/www.espaciosiete.com\/pt-pt\/","name":"Espacio Siete - Constru\u00e7\u00e3o e renova\u00e7\u00e3o integral","isPartOf":{"@id":"https:\/\/www.espaciosiete.com\/#website"},"datePublished":"2021-08-04T09:53:28+00:00","dateModified":"2021-09-23T11:04:12+00:00","description":"Transformamos grandes ideias em grandes constru\u00e7\u00f5es. Pioneiros em t\u00e9cnicas de constru\u00e7\u00e3o inovadoras e desafiadores em desenhos de vanguarda.","breadcrumb":{"@id":"https:\/\/www.espaciosiete.com\/pt-pt\/#breadcrumb"},"inLanguage":"pt-PT","potentialAction":[{"@type":"ReadAction","target":["https:\/\/www.espaciosiete.com\/pt-pt\/"]}]},{"@type":"BreadcrumbList","@id":"https:\/\/www.espaciosiete.com\/pt-pt\/#breadcrumb","itemListElement":[{"@type":"ListItem","position":1,"name":"Portada","item":"https:\/\/www.espaciosiete.com\/pt-pt\/"},{"@type":"ListItem","position":2,"name":"Home"}]}]}},"_links":{"self":[{"href":"https:\/\/www.espaciosiete.com\/pt-pt\/wp-json\/wp\/v2\/pages\/169","targetHints":{"allow":["GET"]}}],"collection":[{"href":"https:\/\/www.espaciosiete.com\/pt-pt\/wp-json\/wp\/v2\/pages"}],"about":[{"href":"https:\/\/www.espaciosiete.com\/pt-pt\/wp-json\/wp\/v2\/types\/page"}],"author":[{"embeddable":true,"href":"https:\/\/www.espaciosiete.com\/pt-pt\/wp-json\/wp\/v2\/users\/2"}],"replies":[{"embeddable":true,"href":"https:\/\/www.espaciosiete.com\/pt-pt\/wp-json\/wp\/v2\/comments?post=169"}],"version-history":[{"count":11,"href":"https:\/\/www.espaciosiete.com\/pt-pt\/wp-json\/wp\/v2\/pages\/169\/revisions"}],"predecessor-version":[{"id":3276,"href":"https:\/\/www.espaciosiete.com\/pt-pt\/wp-json\/wp\/v2\/pages\/169\/revisions\/3276"}],"wp:attachment":[{"href":"https:\/\/www.espaciosiete.com\/pt-pt\/wp-json\/wp\/v2\/media?parent=169"}],"curies":[{"name":"wp","href":"https:\/\/api.w.org\/{rel}","templated":true}]}}