{"id":2169,"date":"2021-08-02T13:42:21","date_gmt":"2021-08-02T11:42:21","guid":{"rendered":"https:\/\/www.espaciosiete.com\/empresa\/"},"modified":"2021-09-23T08:33:20","modified_gmt":"2021-09-23T06:33:20","slug":"empresa","status":"publish","type":"page","link":"https:\/\/www.espaciosiete.com\/pt-pt\/empresa\/","title":{"rendered":"A nossa empresa"},"content":{"rendered":"\n<div class=\"wp-block-hacce-wrapper\">\n<p class=\"has-text-align-center texto-bloque\">Com mais de 50 anos de experi\u00eancia, somos a terceira gera\u00e7\u00e3o com atividade baseada na confian\u00e7a e no conhecimento m\u00fatuo com o nosso cliente<\/p>\n<\/div>\n\n\n\n<div class=\"wp-block-hacce-wrapper bloque-2-columnas\" style=\"background-color:#f4f4f4\">\n<div class=\"wp-block-columns is-layout-flex wp-container-core-columns-is-layout-9d6595d7 wp-block-columns-is-layout-flex\">\n<div class=\"wp-block-column col-izda is-layout-flow wp-block-column-is-layout-flow\">\n<p>Transformamos grandes ideias em grandes constru\u00e7\u00f5es.<\/p>\n<\/div>\n\n\n\n<div class=\"wp-block-column col-der is-layout-flow wp-block-column-is-layout-flow\">\n<p>Somos uma empresa viguense dedicada \u00e0 constru\u00e7\u00e3o e renova\u00e7\u00e3o integral. Pioneiros em t\u00e9cnicas de constru\u00e7\u00e3o inovadoras, desafiadores em desenhos de vanguarda e trabalhamos em equipa com clientes, transformamos grandes ideias em grandes constru\u00e7\u00f5es.<\/p>\n<\/div>\n<\/div>\n<\/div>\n\n\n\n<div class=\"wp-block-hacce-wrapper\"><div class=\"container\"><div class=\"bloque-empresa-wrapper\">\n\n    \n        \n                            <div class=\"row separador\">\n                    <!-- Posici\u00f3n impar -->\n                    <div class=\"col-lg-4 p-0 order-1 order-lg-0\">\n                        <div class=\"info\">\n                            <span class=\"info-head\">Do desenho \u00e0 execu\u00e7\u00e3o<\/span>\n                            <span class=\"info-texto\"><p><span style=\"font-weight: 400;\">Queremos servir de orienta\u00e7\u00e3o nas tuas decis\u00f5es, uma vez que nos dedicamos \u00e0 constru\u00e7\u00e3o de todo o tipo de obras (industriais, escrit\u00f3rios, com\u00e9rcio, reabilita\u00e7\u00e3o de edif\u00edcios, espa\u00e7os comerciais e moradias).<\/span><\/p>\n<p><span style=\"font-weight: 400;\">Abordamos todo o processo de constru\u00e7\u00e3o desde o estudo, planifica\u00e7\u00e3o, processos administrativos, decora\u00e7\u00e3o e design, at\u00e9 \u00e0 execu\u00e7\u00e3o.<\/span><\/p>\n<\/span>\n                            <a href=\"https:\/\/www.espaciosiete.com\/pt-pt\/solicitar-orcamento\/\" class=\"info-enlace\">Solicita o teu or\u00e7amento<\/a>\n                        <\/div>\n                    <\/div>\n                    <div class=\"col-lg-8 p-0 order-0 order-lg-1\">\n                        <div class=\"imagen\">\n                            <img loading=\"lazy\" decoding=\"async\" width=\"640\" height=\"312\" src=\"https:\/\/www.espaciosiete.com\/wp-content\/uploads\/2021\/08\/empresa.png\" class=\"attachment-large size-large\" alt=\"\" srcset=\"https:\/\/www.espaciosiete.com\/wp-content\/uploads\/2021\/08\/empresa.png 787w, https:\/\/www.espaciosiete.com\/wp-content\/uploads\/2021\/08\/empresa-300x146.png 300w, https:\/\/www.espaciosiete.com\/wp-content\/uploads\/2021\/08\/empresa-768x375.png 768w\" sizes=\"auto, (max-width: 640px) 100vw, 640px\" \/>                        <\/div>\n                    <\/div>\n                <\/div>\n                        \n\n        \n    \n<\/div><\/div><\/div>\n","protected":false},"excerpt":{"rendered":"","protected":false},"author":2,"featured_media":0,"parent":0,"menu_order":1,"comment_status":"closed","ping_status":"closed","template":"","meta":{"footnotes":""},"class_list":["post-2169","page","type-page","status-publish","hentry"],"acf":[],"yoast_head":"<!-- This site is optimized with the Yoast SEO plugin v19.1 - https:\/\/yoast.com\/wordpress\/plugins\/seo\/ -->\n<title>A nossa empresa - espacio7<\/title>\n<meta name=\"robots\" content=\"index, follow, max-snippet:-1, max-image-preview:large, max-video-preview:-1\" \/>\n<link rel=\"canonical\" href=\"https:\/\/www.espaciosiete.com\/pt-pt\/empresa\/\" \/>\n<meta property=\"og:locale\" content=\"pt_PT\" \/>\n<meta property=\"og:type\" content=\"article\" \/>\n<meta property=\"og:title\" content=\"A nossa empresa - espacio7\" \/>\n<meta property=\"og:url\" content=\"https:\/\/www.espaciosiete.com\/pt-pt\/empresa\/\" \/>\n<meta property=\"og:site_name\" content=\"espacio7\" \/>\n<meta property=\"article:modified_time\" content=\"2021-09-23T06:33:20+00:00\" \/>\n<meta name=\"twitter:card\" content=\"summary_large_image\" \/>\n<meta name=\"twitter:label1\" content=\"Tempo estimado de leitura\" \/>\n\t<meta name=\"twitter:data1\" content=\"1 minuto\" \/>\n<script type=\"application\/ld+json\" class=\"yoast-schema-graph\">{\"@context\":\"https:\/\/schema.org\",\"@graph\":[{\"@type\":\"Organization\",\"@id\":\"https:\/\/www.espaciosiete.com\/#organization\",\"name\":\"Espacio 7\",\"url\":\"https:\/\/www.espaciosiete.com\/\",\"sameAs\":[\"https:\/\/www.linkedin.com\/company\/espaciosiete\"],\"logo\":{\"@type\":\"ImageObject\",\"inLanguage\":\"pt-PT\",\"@id\":\"https:\/\/www.espaciosiete.com\/#\/schema\/logo\/image\/\",\"url\":\"https:\/\/www.espaciosiete.com\/wp-content\/uploads\/2021\/08\/logo.png\",\"contentUrl\":\"https:\/\/www.espaciosiete.com\/wp-content\/uploads\/2021\/08\/logo.png\",\"width\":213,\"height\":44,\"caption\":\"Espacio 7\"},\"image\":{\"@id\":\"https:\/\/www.espaciosiete.com\/#\/schema\/logo\/image\/\"}},{\"@type\":\"WebSite\",\"@id\":\"https:\/\/www.espaciosiete.com\/#website\",\"url\":\"https:\/\/www.espaciosiete.com\/\",\"name\":\"espacio7\",\"description\":\"\",\"publisher\":{\"@id\":\"https:\/\/www.espaciosiete.com\/#organization\"},\"potentialAction\":[{\"@type\":\"SearchAction\",\"target\":{\"@type\":\"EntryPoint\",\"urlTemplate\":\"https:\/\/www.espaciosiete.com\/?s={search_term_string}\"},\"query-input\":\"required name=search_term_string\"}],\"inLanguage\":\"pt-PT\"},{\"@type\":\"WebPage\",\"@id\":\"https:\/\/www.espaciosiete.com\/pt-pt\/empresa\/#webpage\",\"url\":\"https:\/\/www.espaciosiete.com\/pt-pt\/empresa\/\",\"name\":\"A nossa empresa - espacio7\",\"isPartOf\":{\"@id\":\"https:\/\/www.espaciosiete.com\/#website\"},\"datePublished\":\"2021-08-02T11:42:21+00:00\",\"dateModified\":\"2021-09-23T06:33:20+00:00\",\"breadcrumb\":{\"@id\":\"https:\/\/www.espaciosiete.com\/pt-pt\/empresa\/#breadcrumb\"},\"inLanguage\":\"pt-PT\",\"potentialAction\":[{\"@type\":\"ReadAction\",\"target\":[\"https:\/\/www.espaciosiete.com\/pt-pt\/empresa\/\"]}]},{\"@type\":\"BreadcrumbList\",\"@id\":\"https:\/\/www.espaciosiete.com\/pt-pt\/empresa\/#breadcrumb\",\"itemListElement\":[{\"@type\":\"ListItem\",\"position\":1,\"name\":\"Portada\",\"item\":\"https:\/\/www.espaciosiete.com\/pt-pt\/\"},{\"@type\":\"ListItem\",\"position\":2,\"name\":\"A nossa empresa\"}]}]}<\/script>\n<!-- \/ Yoast SEO plugin. -->","yoast_head_json":{"title":"A nossa empresa - espacio7","robots":{"index":"index","follow":"follow","max-snippet":"max-snippet:-1","max-image-preview":"max-image-preview:large","max-video-preview":"max-video-preview:-1"},"canonical":"https:\/\/www.espaciosiete.com\/pt-pt\/empresa\/","og_locale":"pt_PT","og_type":"article","og_title":"A nossa empresa - espacio7","og_url":"https:\/\/www.espaciosiete.com\/pt-pt\/empresa\/","og_site_name":"espacio7","article_modified_time":"2021-09-23T06:33:20+00:00","twitter_card":"summary_large_image","twitter_misc":{"Tempo estimado de leitura":"1 minuto"},"schema":{"@context":"https:\/\/schema.org","@graph":[{"@type":"Organization","@id":"https:\/\/www.espaciosiete.com\/#organization","name":"Espacio 7","url":"https:\/\/www.espaciosiete.com\/","sameAs":["https:\/\/www.linkedin.com\/company\/espaciosiete"],"logo":{"@type":"ImageObject","inLanguage":"pt-PT","@id":"https:\/\/www.espaciosiete.com\/#\/schema\/logo\/image\/","url":"https:\/\/www.espaciosiete.com\/wp-content\/uploads\/2021\/08\/logo.png","contentUrl":"https:\/\/www.espaciosiete.com\/wp-content\/uploads\/2021\/08\/logo.png","width":213,"height":44,"caption":"Espacio 7"},"image":{"@id":"https:\/\/www.espaciosiete.com\/#\/schema\/logo\/image\/"}},{"@type":"WebSite","@id":"https:\/\/www.espaciosiete.com\/#website","url":"https:\/\/www.espaciosiete.com\/","name":"espacio7","description":"","publisher":{"@id":"https:\/\/www.espaciosiete.com\/#organization"},"potentialAction":[{"@type":"SearchAction","target":{"@type":"EntryPoint","urlTemplate":"https:\/\/www.espaciosiete.com\/?s={search_term_string}"},"query-input":"required name=search_term_string"}],"inLanguage":"pt-PT"},{"@type":"WebPage","@id":"https:\/\/www.espaciosiete.com\/pt-pt\/empresa\/#webpage","url":"https:\/\/www.espaciosiete.com\/pt-pt\/empresa\/","name":"A nossa empresa - espacio7","isPartOf":{"@id":"https:\/\/www.espaciosiete.com\/#website"},"datePublished":"2021-08-02T11:42:21+00:00","dateModified":"2021-09-23T06:33:20+00:00","breadcrumb":{"@id":"https:\/\/www.espaciosiete.com\/pt-pt\/empresa\/#breadcrumb"},"inLanguage":"pt-PT","potentialAction":[{"@type":"ReadAction","target":["https:\/\/www.espaciosiete.com\/pt-pt\/empresa\/"]}]},{"@type":"BreadcrumbList","@id":"https:\/\/www.espaciosiete.com\/pt-pt\/empresa\/#breadcrumb","itemListElement":[{"@type":"ListItem","position":1,"name":"Portada","item":"https:\/\/www.espaciosiete.com\/pt-pt\/"},{"@type":"ListItem","position":2,"name":"A nossa empresa"}]}]}},"_links":{"self":[{"href":"https:\/\/www.espaciosiete.com\/pt-pt\/wp-json\/wp\/v2\/pages\/2169","targetHints":{"allow":["GET"]}}],"collection":[{"href":"https:\/\/www.espaciosiete.com\/pt-pt\/wp-json\/wp\/v2\/pages"}],"about":[{"href":"https:\/\/www.espaciosiete.com\/pt-pt\/wp-json\/wp\/v2\/types\/page"}],"author":[{"embeddable":true,"href":"https:\/\/www.espaciosiete.com\/pt-pt\/wp-json\/wp\/v2\/users\/2"}],"replies":[{"embeddable":true,"href":"https:\/\/www.espaciosiete.com\/pt-pt\/wp-json\/wp\/v2\/comments?post=2169"}],"version-history":[{"count":9,"href":"https:\/\/www.espaciosiete.com\/pt-pt\/wp-json\/wp\/v2\/pages\/2169\/revisions"}],"predecessor-version":[{"id":3230,"href":"https:\/\/www.espaciosiete.com\/pt-pt\/wp-json\/wp\/v2\/pages\/2169\/revisions\/3230"}],"wp:attachment":[{"href":"https:\/\/www.espaciosiete.com\/pt-pt\/wp-json\/wp\/v2\/media?parent=2169"}],"curies":[{"name":"wp","href":"https:\/\/api.w.org\/{rel}","templated":true}]}}