{"id":2202,"date":"2021-08-05T12:18:19","date_gmt":"2021-08-05T10:18:19","guid":{"rendered":"https:\/\/www.espaciosiete.com\/politica-de-privacidade\/"},"modified":"2021-09-16T17:19:01","modified_gmt":"2021-09-16T15:19:01","slug":"politica-de-privacidade","status":"publish","type":"page","link":"https:\/\/www.espaciosiete.com\/pt-pt\/politica-de-privacidade\/","title":{"rendered":"Politica de privacidade"},"content":{"rendered":"\n<p>Em cumprimento do artigo 10\u00ba da Lei 34\/2002, de 11 de julho, dos Servi\u00e7os da Sociedade de Informa\u00e7\u00e3o e Com\u00e9rcio Eletr\u00f3nico, em seguida ser\u00e3o apresentados os dados de identifica\u00e7\u00e3o da empresa. Sede Social: METODO 7 S.L.<\/p>\n\n\n\n<p>CIF: B-27.785.583<\/p>\n\n\n\n<p>Avenida de Ram\u00f3n Nieto 321, Bajo<\/p>\n\n\n\n<p>36205, Vigo (Pontevedra)<\/p>\n\n\n\n<p>Telefone: +34 986277625<\/p>\n\n\n\n<p>Fax: +34 886985637<\/p>\n\n\n\n<p>E-mail: info@espaciosiete.com<\/p>\n\n\n\n<p>PROPRIEDADE INTELETUAL<\/p>\n\n\n\n<p>O c\u00f3digo fonte, os desenhos gr\u00e1ficos, imagens, fotografias, sons, anima\u00e7\u00f5es, software, textos, bem como a informa\u00e7\u00e3o e os conte\u00fados recolhidos no presente website s\u00e3o protegidos pela legisla\u00e7\u00e3o espanhola sobre os direitos de propriedade inteletual e industrial a favor de METODO 7 S.L. e n\u00e3o \u00e9 permitida a reprodu\u00e7\u00e3o e\/ou publica\u00e7\u00e3o, total ou parcial, do website, nem o tratamento inform\u00e1tico, distribui\u00e7\u00e3o, partilha, ou altera\u00e7\u00e3o, transforma\u00e7\u00e3o ou descompila\u00e7\u00e3o, ou outros direitos declarados legalmente ao seu titular, sem a autoriza\u00e7\u00e3o pr\u00e9via e por escrito do mesmo, METODO 7 S.L. O utilizador poder\u00e1, \u00fanica e exclusivamente, utilizar o material que consta neste website para uso pessoal e particular, ficando proibido o uso com fins comerciais ou para incorrer em atividades il\u00edcitas. Todos os direitos resultantes da propriedade inteletual s\u00e3o expressamente reservados pela METODO 7 S.L. Esta deve promover o cumprimento das condi\u00e7\u00f5es anteriores como pela utiliza\u00e7\u00e3o correta dos conte\u00fados apresentados nos seus website, exercendo todas as a\u00e7\u00f5es civis e penais correspondentes em caso de infra\u00e7\u00e3o ou viola\u00e7\u00e3o destes direitos por parte do utilizador.<\/p>\n\n\n\n<p>POL\u00cdTICA DE COOKIES<\/p>\n\n\n\n<p>Um cookie \u00e9 um ficheiro descarregado no computador sempre que acedes a determinados website. Os cookies permitem a um website, entre outras coisas, armazenar e recuperar informa\u00e7\u00e3o sobre os h\u00e1bitos de navega\u00e7\u00e3o de um utilizador ou da sua equipa e, segundo a informa\u00e7\u00e3o presente e a forma como utiliza, podem ser utilizados para identificar o utilizador. O browser do utilizador memoriza cookies no disco r\u00edgido apenas durante a sess\u00e3o atual ocupando um espa\u00e7o de mem\u00f3ria m\u00ednimo sem danificar o computador. Os cookies n\u00e3o apresentam qualquer tipo de informa\u00e7\u00e3o pessoal espec\u00edfica, e a maioria destes s\u00e3o eliminados do disco r\u00edgido ao terminar a sess\u00e3o de browser (os denominados cookies de sess\u00e3o).<\/p>\n\n\n\n<p>A maioria dos browsers aceitam como padr\u00e3o os cookies e, independentemente destes, permitem ou impedem os ajustes de seguran\u00e7a dos cookies temporais ou memorizados<\/p>\n\n\n\n<p>Que tipos de cookies utiliza este website?<\/p>\n\n\n\n<p>\u2013 Cookies t\u00e9cnicos: S\u00e3o aqueles que permitem ao utilizador a navega\u00e7\u00e3o atrav\u00e9s de um website, plataforma ou aplica\u00e7\u00e3o e a utiliza\u00e7\u00e3o das diferentes op\u00e7\u00f5es ou servi\u00e7os que l\u00e1 existam, como, por exemplo, controlar o tr\u00e1fego e a comunica\u00e7\u00e3o de dados, identificar a sess\u00e3o, aceder a partes de acesso restrito, recordar os elementos que integram uma encomenda, efetuar o processo de compra de uma encomenda, efetuar o pedido de inscri\u00e7\u00e3o ou participa\u00e7\u00e3o num evento, utilizar elementos de seguran\u00e7a durante a navega\u00e7\u00e3o, armazenar conte\u00fados para a partilha de v\u00eddeos ou som ou partilhar conte\u00fados atrav\u00e9s das redes sociais.<\/p>\n\n\n\n<p>\u2013 Cookies de fornecedores: O website pode utilizar servi\u00e7os de fornecedores que recolheram informa\u00e7\u00e3o para fins estat\u00edsticos, de utiliza\u00e7\u00e3o do website por parte do utilizador e para a presta\u00e7\u00e3o de outros servi\u00e7os relacionados com a atividade do website e outros servi\u00e7os de Internet.<\/p>\n\n\n\n<p>Em particular, este Website utiliza o Google Maps, um servi\u00e7o de localiza\u00e7\u00e3o geogr\u00e1fica prestado pela Google, Inc. com morada fiscal nos Estados Unidos, com sede central em 1600 Amphitheatre Parkway, Mountain View, Calif\u00f3rnia 94043. Para a presta\u00e7\u00e3o destes servi\u00e7os, utilizam cookies que recolhem a informa\u00e7\u00e3o, inclusive o endere\u00e7o IP do utilizador, que ser\u00e1 partilhado, tratado e armazenado pelo Google nos termos dispostos no Website Google.com. Inclusive a potencial transmiss\u00e3o desta informa\u00e7\u00e3o a fornecedores por quest\u00f5es de requisitos legais ou quando estes fornecedores processarem a informa\u00e7\u00e3o atrav\u00e9s do Google.<\/p>\n\n\n\n<p>Cookies: GAPS, HSID, SSID, APISID, PREF, NID, SID<\/p>\n\n\n\n<p>Objetivo: Cookies do Google Maps para ver localiza\u00e7\u00f5es geogr\u00e1ficas. Estes cookies s\u00e3o geridos na totalidade pelo Google.<\/p>\n\n\n\n<p>O Utilizador aceita expressamente, atrav\u00e9s da utiliza\u00e7\u00e3o deste website, o tratamento da informa\u00e7\u00e3o recolhida na forma e com os fins anteriormente citados. Declara tamb\u00e9m ter conhecimento da possibilidade de recusar o tratamento destes dados ou informa\u00e7\u00e3o recolhidos do uso de cookies atrav\u00e9s da sele\u00e7\u00e3o da defini\u00e7\u00e3o adequada para esse fim no browser. Caso seleciones esta op\u00e7\u00e3o de bloqueio de cookies no browser, poder\u00e1s n\u00e3o permitir o uso completo de todas as funcionalidades deste website.<\/p>\n\n\n\n<p>O Utilizador pode permitir, bloquear ou eliminar os cookies instalados no dispositivo atrav\u00e9s da defini\u00e7\u00e3o das op\u00e7\u00f5es do browser instalado no teu computador:<\/p>\n\n\n\n<ul class=\"wp-block-list\"><li><a href=\"http:\/\/support.google.com\/chrome\/bin\/answer.py?hl=es&amp;answer=95647\" target=\"_blank\" rel=\"noreferrer noopener\">Chrome<\/a><\/li><li><a href=\"http:\/\/windows.microsoft.com\/es-es\/windows7\/how-to-manage-cookies-in-internet-explorer-9\" target=\"_blank\" rel=\"noreferrer noopener\">Explorer<\/a><\/li><li><a href=\"http:\/\/support.mozilla.org\/es\/kb\/habilitar-y-deshabilitar-cookies-que-los-sitios-we\" target=\"_blank\" rel=\"noreferrer noopener\">Firefox<\/a><\/li><li><a href=\"http:\/\/support.apple.com\/kb\/ph5042\" target=\"_blank\" rel=\"noreferrer noopener\">Safari<\/a><\/li><\/ul>\n","protected":false},"excerpt":{"rendered":"<p>Em cumprimento do artigo 10\u00ba da Lei 34\/2002, de 11 de julho, dos Servi\u00e7os da Sociedade de Informa\u00e7\u00e3o e Com\u00e9rcio Eletr\u00f3nico, em seguida ser\u00e3o apresentados os dados de identifica\u00e7\u00e3o da empresa. Sede Social: METODO 7 S.L. CIF: B-27.785.583 Avenida de Ram\u00f3n Nieto 321, Bajo 36205, Vigo (Pontevedra) Telefone: +34 986277625 Fax: +34 886985637 E-mail: info@espaciosiete.com [&hellip;]<\/p>\n","protected":false},"author":2,"featured_media":0,"parent":0,"menu_order":101,"comment_status":"closed","ping_status":"closed","template":"","meta":{"footnotes":""},"class_list":["post-2202","page","type-page","status-publish","hentry"],"acf":[],"yoast_head":"<!-- This site is optimized with the Yoast SEO plugin v19.1 - https:\/\/yoast.com\/wordpress\/plugins\/seo\/ -->\n<title>Politica de privacidade - espacio7<\/title>\n<meta name=\"robots\" content=\"index, follow, max-snippet:-1, max-image-preview:large, max-video-preview:-1\" \/>\n<link rel=\"canonical\" href=\"https:\/\/www.espaciosiete.com\/pt-pt\/politica-de-privacidade\/\" \/>\n<meta property=\"og:locale\" content=\"pt_PT\" \/>\n<meta property=\"og:type\" content=\"article\" \/>\n<meta property=\"og:title\" content=\"Politica de privacidade - espacio7\" \/>\n<meta property=\"og:description\" content=\"Em cumprimento do artigo 10\u00ba da Lei 34\/2002, de 11 de julho, dos Servi\u00e7os da Sociedade de Informa\u00e7\u00e3o e Com\u00e9rcio Eletr\u00f3nico, em seguida ser\u00e3o apresentados os dados de identifica\u00e7\u00e3o da empresa. Sede Social: METODO 7 S.L. CIF: B-27.785.583 Avenida de Ram\u00f3n Nieto 321, Bajo 36205, Vigo (Pontevedra) Telefone: +34 986277625 Fax: +34 886985637 E-mail: info@espaciosiete.com [&hellip;]\" \/>\n<meta property=\"og:url\" content=\"https:\/\/www.espaciosiete.com\/pt-pt\/politica-de-privacidade\/\" \/>\n<meta property=\"og:site_name\" content=\"espacio7\" \/>\n<meta property=\"article:modified_time\" content=\"2021-09-16T15:19:01+00:00\" \/>\n<meta name=\"twitter:card\" content=\"summary_large_image\" \/>\n<meta name=\"twitter:label1\" content=\"Tempo estimado de leitura\" \/>\n\t<meta name=\"twitter:data1\" content=\"4 minutos\" \/>\n<script type=\"application\/ld+json\" class=\"yoast-schema-graph\">{\"@context\":\"https:\/\/schema.org\",\"@graph\":[{\"@type\":\"Organization\",\"@id\":\"https:\/\/www.espaciosiete.com\/#organization\",\"name\":\"Espacio 7\",\"url\":\"https:\/\/www.espaciosiete.com\/\",\"sameAs\":[\"https:\/\/www.linkedin.com\/company\/espaciosiete\"],\"logo\":{\"@type\":\"ImageObject\",\"inLanguage\":\"pt-PT\",\"@id\":\"https:\/\/www.espaciosiete.com\/#\/schema\/logo\/image\/\",\"url\":\"https:\/\/www.espaciosiete.com\/wp-content\/uploads\/2021\/08\/logo.png\",\"contentUrl\":\"https:\/\/www.espaciosiete.com\/wp-content\/uploads\/2021\/08\/logo.png\",\"width\":213,\"height\":44,\"caption\":\"Espacio 7\"},\"image\":{\"@id\":\"https:\/\/www.espaciosiete.com\/#\/schema\/logo\/image\/\"}},{\"@type\":\"WebSite\",\"@id\":\"https:\/\/www.espaciosiete.com\/#website\",\"url\":\"https:\/\/www.espaciosiete.com\/\",\"name\":\"espacio7\",\"description\":\"\",\"publisher\":{\"@id\":\"https:\/\/www.espaciosiete.com\/#organization\"},\"potentialAction\":[{\"@type\":\"SearchAction\",\"target\":{\"@type\":\"EntryPoint\",\"urlTemplate\":\"https:\/\/www.espaciosiete.com\/?s={search_term_string}\"},\"query-input\":\"required name=search_term_string\"}],\"inLanguage\":\"pt-PT\"},{\"@type\":\"WebPage\",\"@id\":\"https:\/\/www.espaciosiete.com\/pt-pt\/politica-de-privacidade\/#webpage\",\"url\":\"https:\/\/www.espaciosiete.com\/pt-pt\/politica-de-privacidade\/\",\"name\":\"Politica de privacidade - espacio7\",\"isPartOf\":{\"@id\":\"https:\/\/www.espaciosiete.com\/#website\"},\"datePublished\":\"2021-08-05T10:18:19+00:00\",\"dateModified\":\"2021-09-16T15:19:01+00:00\",\"breadcrumb\":{\"@id\":\"https:\/\/www.espaciosiete.com\/pt-pt\/politica-de-privacidade\/#breadcrumb\"},\"inLanguage\":\"pt-PT\",\"potentialAction\":[{\"@type\":\"ReadAction\",\"target\":[\"https:\/\/www.espaciosiete.com\/pt-pt\/politica-de-privacidade\/\"]}]},{\"@type\":\"BreadcrumbList\",\"@id\":\"https:\/\/www.espaciosiete.com\/pt-pt\/politica-de-privacidade\/#breadcrumb\",\"itemListElement\":[{\"@type\":\"ListItem\",\"position\":1,\"name\":\"Portada\",\"item\":\"https:\/\/www.espaciosiete.com\/pt-pt\/\"},{\"@type\":\"ListItem\",\"position\":2,\"name\":\"Politica de privacidade\"}]}]}<\/script>\n<!-- \/ Yoast SEO plugin. -->","yoast_head_json":{"title":"Politica de privacidade - espacio7","robots":{"index":"index","follow":"follow","max-snippet":"max-snippet:-1","max-image-preview":"max-image-preview:large","max-video-preview":"max-video-preview:-1"},"canonical":"https:\/\/www.espaciosiete.com\/pt-pt\/politica-de-privacidade\/","og_locale":"pt_PT","og_type":"article","og_title":"Politica de privacidade - espacio7","og_description":"Em cumprimento do artigo 10\u00ba da Lei 34\/2002, de 11 de julho, dos Servi\u00e7os da Sociedade de Informa\u00e7\u00e3o e Com\u00e9rcio Eletr\u00f3nico, em seguida ser\u00e3o apresentados os dados de identifica\u00e7\u00e3o da empresa. Sede Social: METODO 7 S.L. CIF: B-27.785.583 Avenida de Ram\u00f3n Nieto 321, Bajo 36205, Vigo (Pontevedra) Telefone: +34 986277625 Fax: +34 886985637 E-mail: info@espaciosiete.com [&hellip;]","og_url":"https:\/\/www.espaciosiete.com\/pt-pt\/politica-de-privacidade\/","og_site_name":"espacio7","article_modified_time":"2021-09-16T15:19:01+00:00","twitter_card":"summary_large_image","twitter_misc":{"Tempo estimado de leitura":"4 minutos"},"schema":{"@context":"https:\/\/schema.org","@graph":[{"@type":"Organization","@id":"https:\/\/www.espaciosiete.com\/#organization","name":"Espacio 7","url":"https:\/\/www.espaciosiete.com\/","sameAs":["https:\/\/www.linkedin.com\/company\/espaciosiete"],"logo":{"@type":"ImageObject","inLanguage":"pt-PT","@id":"https:\/\/www.espaciosiete.com\/#\/schema\/logo\/image\/","url":"https:\/\/www.espaciosiete.com\/wp-content\/uploads\/2021\/08\/logo.png","contentUrl":"https:\/\/www.espaciosiete.com\/wp-content\/uploads\/2021\/08\/logo.png","width":213,"height":44,"caption":"Espacio 7"},"image":{"@id":"https:\/\/www.espaciosiete.com\/#\/schema\/logo\/image\/"}},{"@type":"WebSite","@id":"https:\/\/www.espaciosiete.com\/#website","url":"https:\/\/www.espaciosiete.com\/","name":"espacio7","description":"","publisher":{"@id":"https:\/\/www.espaciosiete.com\/#organization"},"potentialAction":[{"@type":"SearchAction","target":{"@type":"EntryPoint","urlTemplate":"https:\/\/www.espaciosiete.com\/?s={search_term_string}"},"query-input":"required name=search_term_string"}],"inLanguage":"pt-PT"},{"@type":"WebPage","@id":"https:\/\/www.espaciosiete.com\/pt-pt\/politica-de-privacidade\/#webpage","url":"https:\/\/www.espaciosiete.com\/pt-pt\/politica-de-privacidade\/","name":"Politica de privacidade - espacio7","isPartOf":{"@id":"https:\/\/www.espaciosiete.com\/#website"},"datePublished":"2021-08-05T10:18:19+00:00","dateModified":"2021-09-16T15:19:01+00:00","breadcrumb":{"@id":"https:\/\/www.espaciosiete.com\/pt-pt\/politica-de-privacidade\/#breadcrumb"},"inLanguage":"pt-PT","potentialAction":[{"@type":"ReadAction","target":["https:\/\/www.espaciosiete.com\/pt-pt\/politica-de-privacidade\/"]}]},{"@type":"BreadcrumbList","@id":"https:\/\/www.espaciosiete.com\/pt-pt\/politica-de-privacidade\/#breadcrumb","itemListElement":[{"@type":"ListItem","position":1,"name":"Portada","item":"https:\/\/www.espaciosiete.com\/pt-pt\/"},{"@type":"ListItem","position":2,"name":"Politica de privacidade"}]}]}},"_links":{"self":[{"href":"https:\/\/www.espaciosiete.com\/pt-pt\/wp-json\/wp\/v2\/pages\/2202","targetHints":{"allow":["GET"]}}],"collection":[{"href":"https:\/\/www.espaciosiete.com\/pt-pt\/wp-json\/wp\/v2\/pages"}],"about":[{"href":"https:\/\/www.espaciosiete.com\/pt-pt\/wp-json\/wp\/v2\/types\/page"}],"author":[{"embeddable":true,"href":"https:\/\/www.espaciosiete.com\/pt-pt\/wp-json\/wp\/v2\/users\/2"}],"replies":[{"embeddable":true,"href":"https:\/\/www.espaciosiete.com\/pt-pt\/wp-json\/wp\/v2\/comments?post=2202"}],"version-history":[{"count":2,"href":"https:\/\/www.espaciosiete.com\/pt-pt\/wp-json\/wp\/v2\/pages\/2202\/revisions"}],"predecessor-version":[{"id":2229,"href":"https:\/\/www.espaciosiete.com\/pt-pt\/wp-json\/wp\/v2\/pages\/2202\/revisions\/2229"}],"wp:attachment":[{"href":"https:\/\/www.espaciosiete.com\/pt-pt\/wp-json\/wp\/v2\/media?parent=2202"}],"curies":[{"name":"wp","href":"https:\/\/api.w.org\/{rel}","templated":true}]}}