{"id":2206,"date":"2021-08-30T13:11:49","date_gmt":"2021-08-30T11:11:49","guid":{"rendered":"https:\/\/www.espaciosiete.com\/politica-de-cookies\/"},"modified":"2021-09-21T10:12:19","modified_gmt":"2021-09-21T08:12:19","slug":"politica-de-cookies","status":"publish","type":"page","link":"https:\/\/www.espaciosiete.com\/pt-pt\/politica-de-cookies\/","title":{"rendered":"Pol\u00edtica de cookies"},"content":{"rendered":"\n<p>Um cookie \u00e9 um ficheiro descarregado no computador sempre que acedes a determinados website. Os cookies permitem a um website, entre outras coisas, armazenar e recuperar informa\u00e7\u00e3o sobre os h\u00e1bitos de navega\u00e7\u00e3o de um utilizador ou da sua equipa e, segundo a informa\u00e7\u00e3o presente e a forma como utiliza, podem ser utilizados para identificar o utilizador. O browser do utilizador memoriza cookies no disco r\u00edgido apenas durante a sess\u00e3o atual ocupando um espa\u00e7o de mem\u00f3ria m\u00ednimo sem danificar o computador. Os cookies n\u00e3o apresentam qualquer tipo de informa\u00e7\u00e3o pessoal espec\u00edfica, e a maioria destes s\u00e3o eliminados do disco r\u00edgido ao terminar a sess\u00e3o de browser (os denominados cookies de sess\u00e3o).<\/p>\n\n\n\n<p>A maioria dos browsers aceitam como padr\u00e3o os cookies e, independentemente destes, permitem ou impedem os ajustes de seguran\u00e7a dos cookies temporais ou memorizados<\/p>\n\n\n\n<p><strong>Que tipos de cookies utiliza este website?<\/strong><\/p>\n\n\n\n<p>\u2013 <strong>Cookies t\u00e9cnicos<\/strong>: S\u00e3o aqueles que permitem ao utilizador a navega\u00e7\u00e3o atrav\u00e9s de um website, plataforma ou aplica\u00e7\u00e3o e a utiliza\u00e7\u00e3o das diferentes op\u00e7\u00f5es ou servi\u00e7os que l\u00e1 existam, como, por exemplo, controlar o tr\u00e1fego e a comunica\u00e7\u00e3o de dados, identificar a sess\u00e3o, aceder a partes de acesso restrito, recordar os elementos que integram uma encomenda, efetuar o processo de compra de uma encomenda, efetuar o pedido de inscri\u00e7\u00e3o ou participa\u00e7\u00e3o num evento, utilizar elementos de seguran\u00e7a durante a navega\u00e7\u00e3o, armazenar conte\u00fados para a partilha de v\u00eddeos ou som ou partilhar conte\u00fados atrav\u00e9s das redes sociais.<\/p>\n\n\n\n<p>\u2013 <strong>Cookies de fornecedores<\/strong>: O website pode utilizar servi\u00e7os de fornecedores que recolheram informa\u00e7\u00e3o para fins estat\u00edsticos, de utiliza\u00e7\u00e3o do website por parte do utilizador e para a presta\u00e7\u00e3o de outros servi\u00e7os relacionados com a atividade do website e outros servi\u00e7os de Internet.<\/p>\n\n\n\n<p>Em particular, este Website utiliza o Google Maps, um servi\u00e7o de localiza\u00e7\u00e3o geogr\u00e1fica prestado pela Google, Inc. com morada fiscal nos Estados Unidos, com sede central em 1600 Amphitheatre Parkway, Mountain View, Calif\u00f3rnia 94043. Para a presta\u00e7\u00e3o destes servi\u00e7os, utilizam cookies que recolhem a informa\u00e7\u00e3o, inclusive o endere\u00e7o IP do utilizador, que ser\u00e1 partilhado, tratado e armazenado pelo Google nos termos dispostos no Website Google.com. Inclusive a potencial transmiss\u00e3o desta informa\u00e7\u00e3o a fornecedores por quest\u00f5es de requisitos legais ou quando estes fornecedores processarem a informa\u00e7\u00e3o atrav\u00e9s do Google.<\/p>\n\n\n\n<p>Cookies: GAPS, HSID, SSID, APISID, PREF, NID, SID<\/p>\n\n\n\n<p>Objetivo: Cookies do Google Maps para ver localiza\u00e7\u00f5es geogr\u00e1ficas. Estes cookies s\u00e3o geridos na totalidade pelo Google.<\/p>\n\n\n\n<p>O Utilizador aceita expressamente, atrav\u00e9s da utiliza\u00e7\u00e3o deste website, o tratamento da informa\u00e7\u00e3o recolhida na forma e com os fins anteriormente citados. Declara tamb\u00e9m ter conhecimento da possibilidade de recusar o tratamento destes dados ou informa\u00e7\u00e3o recolhidos do uso de cookies atrav\u00e9s da sele\u00e7\u00e3o da defini\u00e7\u00e3o adequada para esse fim no browser. Caso seleciones esta op\u00e7\u00e3o de bloqueio de cookies no browser, poder\u00e1s n\u00e3o permitir o uso completo de todas as funcionalidades deste website.<\/p>\n\n\n\n<p>O Utilizador pode permitir, bloquear ou eliminar os cookies instalados no dispositivo atrav\u00e9s da defini\u00e7\u00e3o das op\u00e7\u00f5es do browser instalado no teu computador:<\/p>\n\n\n\n<p> <li><a href=\"http:\/\/support.google.com\/chrome\/bin\/answer.py?hl=es&amp;answer=95647\" target=\"_blank\" rel=\"noreferrer noopener\">Chrome<\/a><\/li><\/p>\n\n\n\n<p><li><a href=\"http:\/\/windows.microsoft.com\/es-es\/windows7\/how-to-manage-cookies-in-internet-explorer-9\" target=\"_blank\" rel=\"noreferrer noopener\">Explorer<\/a><\/li><\/p>\n\n\n\n<p><li><a href=\"http:\/\/support.mozilla.org\/es\/kb\/habilitar-y-deshabilitar-cookies-que-los-sitios-we\" target=\"_blank\" rel=\"noreferrer noopener\">Firefox<\/a><\/li><\/p>\n\n\n\n<p><li><a href=\"http:\/\/support.apple.com\/kb\/ph5042\" target=\"_blank\" rel=\"noreferrer noopener\">Safari<\/a><\/li> <\/p>\n","protected":false},"excerpt":{"rendered":"<p>Um cookie \u00e9 um ficheiro descarregado no computador sempre que acedes a determinados website. Os cookies permitem a um website, entre outras coisas, armazenar e recuperar informa\u00e7\u00e3o sobre os h\u00e1bitos de navega\u00e7\u00e3o de um utilizador ou da sua equipa e, segundo a informa\u00e7\u00e3o presente e a forma como utiliza, podem ser utilizados para identificar o [&hellip;]<\/p>\n","protected":false},"author":2,"featured_media":0,"parent":0,"menu_order":102,"comment_status":"closed","ping_status":"closed","template":"","meta":{"footnotes":""},"class_list":["post-2206","page","type-page","status-publish","hentry"],"acf":[],"yoast_head":"<!-- This site is optimized with the Yoast SEO plugin v19.1 - https:\/\/yoast.com\/wordpress\/plugins\/seo\/ -->\n<title>Pol\u00edtica de cookies - espacio7<\/title>\n<meta name=\"robots\" content=\"index, follow, max-snippet:-1, max-image-preview:large, max-video-preview:-1\" \/>\n<link rel=\"canonical\" href=\"https:\/\/www.espaciosiete.com\/pt-pt\/politica-de-cookies\/\" \/>\n<meta property=\"og:locale\" content=\"pt_PT\" \/>\n<meta property=\"og:type\" content=\"article\" \/>\n<meta property=\"og:title\" content=\"Pol\u00edtica de cookies - espacio7\" \/>\n<meta property=\"og:description\" content=\"Um cookie \u00e9 um ficheiro descarregado no computador sempre que acedes a determinados website. Os cookies permitem a um website, entre outras coisas, armazenar e recuperar informa\u00e7\u00e3o sobre os h\u00e1bitos de navega\u00e7\u00e3o de um utilizador ou da sua equipa e, segundo a informa\u00e7\u00e3o presente e a forma como utiliza, podem ser utilizados para identificar o [&hellip;]\" \/>\n<meta property=\"og:url\" content=\"https:\/\/www.espaciosiete.com\/pt-pt\/politica-de-cookies\/\" \/>\n<meta property=\"og:site_name\" content=\"espacio7\" \/>\n<meta property=\"article:modified_time\" content=\"2021-09-21T08:12:19+00:00\" \/>\n<meta name=\"twitter:card\" content=\"summary_large_image\" \/>\n<meta name=\"twitter:label1\" content=\"Tempo estimado de leitura\" \/>\n\t<meta name=\"twitter:data1\" content=\"3 minutos\" \/>\n<script type=\"application\/ld+json\" class=\"yoast-schema-graph\">{\"@context\":\"https:\/\/schema.org\",\"@graph\":[{\"@type\":\"Organization\",\"@id\":\"https:\/\/www.espaciosiete.com\/#organization\",\"name\":\"Espacio 7\",\"url\":\"https:\/\/www.espaciosiete.com\/\",\"sameAs\":[\"https:\/\/www.linkedin.com\/company\/espaciosiete\"],\"logo\":{\"@type\":\"ImageObject\",\"inLanguage\":\"pt-PT\",\"@id\":\"https:\/\/www.espaciosiete.com\/#\/schema\/logo\/image\/\",\"url\":\"https:\/\/www.espaciosiete.com\/wp-content\/uploads\/2021\/08\/logo.png\",\"contentUrl\":\"https:\/\/www.espaciosiete.com\/wp-content\/uploads\/2021\/08\/logo.png\",\"width\":213,\"height\":44,\"caption\":\"Espacio 7\"},\"image\":{\"@id\":\"https:\/\/www.espaciosiete.com\/#\/schema\/logo\/image\/\"}},{\"@type\":\"WebSite\",\"@id\":\"https:\/\/www.espaciosiete.com\/#website\",\"url\":\"https:\/\/www.espaciosiete.com\/\",\"name\":\"espacio7\",\"description\":\"\",\"publisher\":{\"@id\":\"https:\/\/www.espaciosiete.com\/#organization\"},\"potentialAction\":[{\"@type\":\"SearchAction\",\"target\":{\"@type\":\"EntryPoint\",\"urlTemplate\":\"https:\/\/www.espaciosiete.com\/?s={search_term_string}\"},\"query-input\":\"required name=search_term_string\"}],\"inLanguage\":\"pt-PT\"},{\"@type\":\"WebPage\",\"@id\":\"https:\/\/www.espaciosiete.com\/pt-pt\/politica-de-cookies\/#webpage\",\"url\":\"https:\/\/www.espaciosiete.com\/pt-pt\/politica-de-cookies\/\",\"name\":\"Pol\u00edtica de cookies - espacio7\",\"isPartOf\":{\"@id\":\"https:\/\/www.espaciosiete.com\/#website\"},\"datePublished\":\"2021-08-30T11:11:49+00:00\",\"dateModified\":\"2021-09-21T08:12:19+00:00\",\"breadcrumb\":{\"@id\":\"https:\/\/www.espaciosiete.com\/pt-pt\/politica-de-cookies\/#breadcrumb\"},\"inLanguage\":\"pt-PT\",\"potentialAction\":[{\"@type\":\"ReadAction\",\"target\":[\"https:\/\/www.espaciosiete.com\/pt-pt\/politica-de-cookies\/\"]}]},{\"@type\":\"BreadcrumbList\",\"@id\":\"https:\/\/www.espaciosiete.com\/pt-pt\/politica-de-cookies\/#breadcrumb\",\"itemListElement\":[{\"@type\":\"ListItem\",\"position\":1,\"name\":\"Portada\",\"item\":\"https:\/\/www.espaciosiete.com\/pt-pt\/\"},{\"@type\":\"ListItem\",\"position\":2,\"name\":\"Pol\u00edtica de cookies\"}]}]}<\/script>\n<!-- \/ Yoast SEO plugin. -->","yoast_head_json":{"title":"Pol\u00edtica de cookies - espacio7","robots":{"index":"index","follow":"follow","max-snippet":"max-snippet:-1","max-image-preview":"max-image-preview:large","max-video-preview":"max-video-preview:-1"},"canonical":"https:\/\/www.espaciosiete.com\/pt-pt\/politica-de-cookies\/","og_locale":"pt_PT","og_type":"article","og_title":"Pol\u00edtica de cookies - espacio7","og_description":"Um cookie \u00e9 um ficheiro descarregado no computador sempre que acedes a determinados website. Os cookies permitem a um website, entre outras coisas, armazenar e recuperar informa\u00e7\u00e3o sobre os h\u00e1bitos de navega\u00e7\u00e3o de um utilizador ou da sua equipa e, segundo a informa\u00e7\u00e3o presente e a forma como utiliza, podem ser utilizados para identificar o [&hellip;]","og_url":"https:\/\/www.espaciosiete.com\/pt-pt\/politica-de-cookies\/","og_site_name":"espacio7","article_modified_time":"2021-09-21T08:12:19+00:00","twitter_card":"summary_large_image","twitter_misc":{"Tempo estimado de leitura":"3 minutos"},"schema":{"@context":"https:\/\/schema.org","@graph":[{"@type":"Organization","@id":"https:\/\/www.espaciosiete.com\/#organization","name":"Espacio 7","url":"https:\/\/www.espaciosiete.com\/","sameAs":["https:\/\/www.linkedin.com\/company\/espaciosiete"],"logo":{"@type":"ImageObject","inLanguage":"pt-PT","@id":"https:\/\/www.espaciosiete.com\/#\/schema\/logo\/image\/","url":"https:\/\/www.espaciosiete.com\/wp-content\/uploads\/2021\/08\/logo.png","contentUrl":"https:\/\/www.espaciosiete.com\/wp-content\/uploads\/2021\/08\/logo.png","width":213,"height":44,"caption":"Espacio 7"},"image":{"@id":"https:\/\/www.espaciosiete.com\/#\/schema\/logo\/image\/"}},{"@type":"WebSite","@id":"https:\/\/www.espaciosiete.com\/#website","url":"https:\/\/www.espaciosiete.com\/","name":"espacio7","description":"","publisher":{"@id":"https:\/\/www.espaciosiete.com\/#organization"},"potentialAction":[{"@type":"SearchAction","target":{"@type":"EntryPoint","urlTemplate":"https:\/\/www.espaciosiete.com\/?s={search_term_string}"},"query-input":"required name=search_term_string"}],"inLanguage":"pt-PT"},{"@type":"WebPage","@id":"https:\/\/www.espaciosiete.com\/pt-pt\/politica-de-cookies\/#webpage","url":"https:\/\/www.espaciosiete.com\/pt-pt\/politica-de-cookies\/","name":"Pol\u00edtica de cookies - espacio7","isPartOf":{"@id":"https:\/\/www.espaciosiete.com\/#website"},"datePublished":"2021-08-30T11:11:49+00:00","dateModified":"2021-09-21T08:12:19+00:00","breadcrumb":{"@id":"https:\/\/www.espaciosiete.com\/pt-pt\/politica-de-cookies\/#breadcrumb"},"inLanguage":"pt-PT","potentialAction":[{"@type":"ReadAction","target":["https:\/\/www.espaciosiete.com\/pt-pt\/politica-de-cookies\/"]}]},{"@type":"BreadcrumbList","@id":"https:\/\/www.espaciosiete.com\/pt-pt\/politica-de-cookies\/#breadcrumb","itemListElement":[{"@type":"ListItem","position":1,"name":"Portada","item":"https:\/\/www.espaciosiete.com\/pt-pt\/"},{"@type":"ListItem","position":2,"name":"Pol\u00edtica de cookies"}]}]}},"_links":{"self":[{"href":"https:\/\/www.espaciosiete.com\/pt-pt\/wp-json\/wp\/v2\/pages\/2206","targetHints":{"allow":["GET"]}}],"collection":[{"href":"https:\/\/www.espaciosiete.com\/pt-pt\/wp-json\/wp\/v2\/pages"}],"about":[{"href":"https:\/\/www.espaciosiete.com\/pt-pt\/wp-json\/wp\/v2\/types\/page"}],"author":[{"embeddable":true,"href":"https:\/\/www.espaciosiete.com\/pt-pt\/wp-json\/wp\/v2\/users\/2"}],"replies":[{"embeddable":true,"href":"https:\/\/www.espaciosiete.com\/pt-pt\/wp-json\/wp\/v2\/comments?post=2206"}],"version-history":[{"count":1,"href":"https:\/\/www.espaciosiete.com\/pt-pt\/wp-json\/wp\/v2\/pages\/2206\/revisions"}],"predecessor-version":[{"id":3217,"href":"https:\/\/www.espaciosiete.com\/pt-pt\/wp-json\/wp\/v2\/pages\/2206\/revisions\/3217"}],"wp:attachment":[{"href":"https:\/\/www.espaciosiete.com\/pt-pt\/wp-json\/wp\/v2\/media?parent=2206"}],"curies":[{"name":"wp","href":"https:\/\/api.w.org\/{rel}","templated":true}]}}